{"id":509,"date":"2017-12-17T23:12:16","date_gmt":"2017-12-17T22:12:16","guid":{"rendered":"http:\/\/gralala.net\/pfff\/?page_id=509"},"modified":"2017-12-17T23:17:22","modified_gmt":"2017-12-17T22:17:22","slug":"la-fille-qui-pleut","status":"publish","type":"page","link":"https:\/\/gralala.net\/pfff\/la-fille-qui-pleut","title":{"rendered":"La fille qui pleut"},"content":{"rendered":"<p class=\"first\"><em>Une jeune fille qui r\u00eave de devenir une m\u00e9chante sorci\u00e8re s&rsquo;en va pleuvoir sur les chewing gums. Elle rencontre un chimpanz\u00e9 de la plan\u00e8te Mars d\u00e9guis\u00e9 en crapaud, celui-ci est poursuivi par une soucoupe volante&#8230;<\/em><\/p>\n<p>La fille qui pleut est mon film de fin d&rsquo;\u00e9tude \u00e0 l&rsquo;\u00e9cole des Beaux-Arts de Versailles. Il a \u00e9t\u00e9 s\u00e9lectionn\u00e9 au carrefour de l&rsquo;animation et au festival de Bruz en 2011.<\/p>\n<p><iframe src=\"https:\/\/player.vimeo.com\/video\/28160170?color=e8e8ef\" width=\"640\" height=\"360\" frameborder=\"0\" allowfullscreen=\"allowfullscreen\"><span data-mce-type=\"bookmark\" style=\"display: inline-block; width: 0px; overflow: hidden; line-height: 0;\" class=\"mce_SELRES_start\">\ufeff<\/span><\/iframe><\/p>\n","protected":false},"excerpt":{"rendered":"<p>Une jeune fille qui r\u00eave de devenir une m\u00e9chante sorci\u00e8re s&rsquo;en va pleuvoir sur les chewing gums. Elle rencontre un chimpanz\u00e9 de la plan\u00e8te Mars d\u00e9guis\u00e9 en crapaud, celui-ci est poursuivi par une soucoupe volante&#8230; La fille qui pleut est mon film de fin d&rsquo;\u00e9tude \u00e0 l&rsquo;\u00e9cole des Beaux-Arts de Versailles. Il a \u00e9t\u00e9 s\u00e9lectionn\u00e9 [&hellip;]<\/p>\n","protected":false},"author":1,"featured_media":0,"parent":0,"menu_order":0,"comment_status":"closed","ping_status":"closed","template":"","meta":{"footnotes":""},"class_list":["post-509","page","type-page","status-publish","hentry"],"_links":{"self":[{"href":"https:\/\/gralala.net\/pfff\/wp-json\/wp\/v2\/pages\/509"}],"collection":[{"href":"https:\/\/gralala.net\/pfff\/wp-json\/wp\/v2\/pages"}],"about":[{"href":"https:\/\/gralala.net\/pfff\/wp-json\/wp\/v2\/types\/page"}],"author":[{"embeddable":true,"href":"https:\/\/gralala.net\/pfff\/wp-json\/wp\/v2\/users\/1"}],"replies":[{"embeddable":true,"href":"https:\/\/gralala.net\/pfff\/wp-json\/wp\/v2\/comments?post=509"}],"version-history":[{"count":2,"href":"https:\/\/gralala.net\/pfff\/wp-json\/wp\/v2\/pages\/509\/revisions"}],"predecessor-version":[{"id":513,"href":"https:\/\/gralala.net\/pfff\/wp-json\/wp\/v2\/pages\/509\/revisions\/513"}],"wp:attachment":[{"href":"https:\/\/gralala.net\/pfff\/wp-json\/wp\/v2\/media?parent=509"}],"curies":[{"name":"wp","href":"https:\/\/api.w.org\/{rel}","templated":true}]}}